{"id":62,"date":"2021-10-20T06:49:17","date_gmt":"2021-10-20T06:49:17","guid":{"rendered":"https:\/\/rome.vocavi.fr\/?page_id=62"},"modified":"2021-10-21T08:56:45","modified_gmt":"2021-10-21T08:56:45","slug":"home","status":"publish","type":"page","link":"https:\/\/rome.vocavi.fr\/","title":{"rendered":"Home"},"content":{"rendered":"\n\n\n\n\n\n<p style=\"text-align: justify;\"><span style=\"color: rgb(255, 255, 0); font-family: &quot;Times New Roman&quot;, Times, serif; font-size: x-large; font-weight: 700; text-align: justify;\">Le livre est un essai qui propose un point de vue original au sujet de la v\u00e9ritable nature du christianisme.<\/span><\/p><p style=\"text-align: justify;\"><span style=\"color: rgb(255, 255, 0); font-family: &quot;Times New Roman&quot;, Times, serif; font-size: x-large; font-weight: 700; text-align: justify;\">Bien que poss\u00e9dant des sources juives et se r\u00e9clamant h\u00e9ritier du juda\u00efsme, le christianisme est en r\u00e9alit\u00e9 une adaptation du juda\u00efsme par la religion romaine.<\/span><\/p><p style=\"text-align: justify;\"><span style=\"color: rgb(255, 255, 0); font-family: &quot;Times New Roman&quot;, Times, serif; font-size: x-large; font-weight: 700; text-align: justify;\">Le livre montre que c&rsquo;est l&rsquo;\u00e9volution naturelle de la religion des romains qui donne naissance au christianisme et non une \u00e9volution venu du juda\u00efsme.<\/span><\/p><p style=\"text-align: justify;\"><span style=\"color: rgb(255, 255, 0); font-family: &quot;Times New Roman&quot;, Times, serif; font-size: x-large; font-weight: 700; text-align: justify;\">Le christianisme est la religion romaine.<\/span><br><\/p>\n\n\n\n\n\n\n\n\n\n\n<p>13,3&#215;20,3 cm<\/p><p>325 pages<\/p>\n\n\n<p class=\"MsoNormal\" style=\"text-align:justify\"><span class=\"StyleComplexe10pt\"><span style=\"font-size:11.0pt\"><\/span><\/span><\/p><span style=\"color: rgb(255, 255, 0); font-size: medium;\"><p class=\"MsoNormal\" style=\"text-align:justify\"><span class=\"StyleComplexe10pt\"><span style=\"font-size:11.0pt\">Comment les Romains ont cr\u00e9\u00e9 Dieu \u00e0 leur image&nbsp;? <o:p><\/o:p><\/span><\/span><\/p><p class=\"MsoNormal\" style=\"text-align:justify\"><span class=\"StyleComplexe10pt\"><span style=\"font-size:11.0pt\">Est-ce une question ou une affirmation&nbsp;?! Pendant\ndes si\u00e8cles, les juifs ont subi de nombreuses pers\u00e9cutions \u00e0 cause de la mort\nde J\u00e9sus. Son histoire est racont\u00e9e dans les Evangiles et tout le monde a sa\npetite id\u00e9e de la v\u00e9rit\u00e9. Mais a-t-on bien compris ce qu\u2019\u00e9crit\nl\u2019Evangile&nbsp;? Et si le christianisme n\u2019\u00e9tait pas la religion que J\u00e9sus a\nd\u00e9fendue&nbsp;? Comment s\u2019est-il impos\u00e9 chez les Romains&nbsp;? J\u00e9sus \u00e9tait\njuif&nbsp;: une lecture juive de l\u2019Evangile s\u2019impose. J\u00e9sus est devenu le grand\nDieu des Romains&nbsp;: une lecture romaine du juda\u00efsme s\u2019impose. Car Rome aime\nles religions des autres. Alors si les juifs identifient les Chr\u00e9tiens\nd\u2019aujourd\u2019hui au monde romain, il faut de ce point de vue, se poser cette\nquestion : comment les Romains ont fa\u00e7onn\u00e9 J\u00e9sus \u00e0 l\u2019image de leur\nreligion&nbsp;?<o:p><\/o:p><\/span><\/span><\/p><p class=\"MsoNormal\" style=\"text-align:justify\"><span class=\"StyleComplexe10pt\"><span style=\"font-size:11.0pt\">Dans ce livre je raconterai modestement l\u2019histoire de\nJ\u00e9sus dans un premier temps. Je suivrai le d\u00e9roulement de sa vie en expliquant\nles facettes juives de la personnalit\u00e9 de chacun des acteurs. Je me contenterai\ndu texte de Matthieu. J\u2019en d\u00e9gagerai les le\u00e7ons du ma\u00eetre en trouvant ses\n\u00e9quivalences dans le juda\u00efsme. Mais je n\u2019explorerai pas tous les aspects de l\u2019\u00e9vangile\ncar mon but est d\u2019attirer l\u2019attention sur la dimension juive du texte, de\nJ\u00e9sus, des miracles et des d\u00e9bats qui y sont expos\u00e9s.<o:p><\/o:p><\/span><\/span><\/p><p class=\"MsoNormal\" style=\"text-align:justify\"><span class=\"StyleComplexe10pt\"><span style=\"font-size:11.0pt\">Je montrerai ensuite l\u2019ambivalence des premiers\nChr\u00e9tiens, la diff\u00e9rence entre la pens\u00e9e du ma\u00eetre et des disciples, entre les\nChr\u00e9tiens d\u2019origine juive et ceux d\u2019origine pa\u00efenne. Le christianisme naissant n\u2019est\npas incompatible avec le juda\u00efsme des premiers chr\u00e9tiens. <o:p><\/o:p><\/span><\/span><\/p><p class=\"MsoNormal\" style=\"text-align:justify\"><span class=\"StyleComplexe10pt\"><span style=\"font-size:11.0pt\">J\u2019analyserais par la suite la religion romaine o\u00f9 je\nrapporterai succinctement ce que les \u00e9tudes historiques permettent de d\u00e9couvrir\nsur ce sujet. On y d\u00e9couvrira la sinc\u00e9rit\u00e9 de cette religion, la pi\u00e9t\u00e9\nrespectable qui en d\u00e9coule, le polyth\u00e9isme et le sacr\u00e9 romain. Ce sera la base\npour comprendre une religion qui accepte de faire \u00e9voluer ses propres divinit\u00e9s\nau gr\u00e9 de l\u2019Histoire.<o:p><\/o:p><\/span><\/span><\/p><p class=\"MsoNormal\" style=\"text-align:justify\"><span class=\"StyleComplexe10pt\"><span style=\"font-size:11.0pt\">Une partie sera consacr\u00e9e aux probl\u00e8mes entre Juifs et\nRomains. J\u2019y \u00e9voquerai les relations entre les deux entit\u00e9s, le conflit\nth\u00e9ologique qui finit par surgir et d\u00e9truire le pays de Jud\u00e9e. Il s\u2019agira de pr\u00e9ciser\nle climat dans lequel le christianisme progresse.<o:p><\/o:p><\/span><\/span><\/p><p class=\"MsoNormal\" style=\"text-align:justify\"><span class=\"StyleComplexe10pt\"><span style=\"font-size:11.0pt\">S\u2019inscrivant dans l\u2019\u00e9tude religieuse du monde romain,\nle chapitre sur la religion de No\u00e9 montrera l\u2019ouverture religieuse des Juifs et\ndes Romains. Mais il \u00e9voquera la probl\u00e9matique de la disparition du Temple et\nl\u2019h\u00e9ritage inaccompli des ma\u00eetres juifs pour leurs disciples.<o:p><\/o:p><\/span><\/span><\/p><p class=\"MsoNormal\" style=\"text-align:justify\"><span class=\"StyleComplexe10pt\"><span style=\"font-size:11.0pt\">Les probl\u00e8mes inter-romains sont \u00e0 la base d\u2019une\napproche religieuse de l\u2019autorit\u00e9. Les pers\u00e9cutions chr\u00e9tiennes font partie\nd\u2019une politique de gestion int\u00e9rieure de l\u2019empire. Je montrerai que le souci de\ndominer les cultes divers par le s\u00e9nat ou l\u2019empereur est pr\u00e9pond\u00e9rant dans la\npolitique romaine. Comment des Chr\u00e9tiens peuvent-ils \u00e9chapper \u00e0 l\u2019influence de\nleurs empereurs&nbsp;? <o:p><\/o:p><\/span><\/span><\/p><p class=\"MsoNormal\" style=\"text-align:justify\"><span class=\"StyleComplexe10pt\"><span style=\"font-size:11.0pt\">L\u2019avant dernier chapitre montrera que les Chr\u00e9tiens\ntrouvent des d\u00e9fenseurs m\u00e9ritants au sein des citoyens qui \u00e9tudient la religion\nnouvelle pour en d\u00e9montrer sa l\u00e9galit\u00e9 \u00e0 l\u2019autorit\u00e9 imp\u00e9riale. Celle-ci finira\npar accepter cette religion en pr\u00e9sidant les d\u00e9bats internes au christianisme\nqui conduiront \u00e0 l\u2019\u00e9laboration du <\/span><\/span><i><span style=\"font-size:11.0pt\">credo<\/span><\/i><span class=\"StyleComplexe10pt\"><span style=\"font-size:11.0pt\">. <o:p><\/o:p><\/span><\/span><\/p><p>\n\n\n\n\n\n\n\n\n\n\n\n\n\n\n\n\n\n<\/p><p class=\"MsoNormal\" style=\"text-align:justify\"><span class=\"StyleComplexe10pt\"><span style=\"font-size:11.0pt\">Enfin, le dernier chapitre mettra en lumi\u00e8re\nl\u2019opposition cultuelle entre Juifs et Chr\u00e9tiens. Le chapitre montrera que la\nr\u00e9sistance th\u00e9ologique juive au christianisme sera mal interpr\u00e9t\u00e9e. J\u2019en\ndonnerai les raisons essentielles en expliquant pourquoi ils seront accus\u00e9s de\ntoutes sortes de maux dont ils ne peuvent pas \u00eatre tenus pour responsables.<\/span><\/span><\/p><\/span><p class=\"MsoNormal\" style=\"text-align:justify\"><span class=\"StyleComplexe10pt\"><span style=\"font-size:11.0pt\"><o:p><\/o:p><\/span><\/span><\/p>\n\n\n","protected":false},"excerpt":{"rendered":"","protected":false},"author":1,"featured_media":84,"parent":0,"menu_order":0,"comment_status":"closed","ping_status":"closed","template":"","meta":{"footnotes":""},"class_list":["post-62","page","type-page","status-publish","has-post-thumbnail","hentry"],"yoast_head":"<!-- This site is optimized with the Yoast SEO plugin v17.4 - https:\/\/yoast.com\/wordpress\/plugins\/seo\/ -->\n<title>Home - Et Rome cr\u00e9a Dieu \u00e0 Son Image...<\/title>\n<meta name=\"robots\" content=\"index, follow, max-snippet:-1, max-image-preview:large, max-video-preview:-1\" \/>\n<link rel=\"canonical\" href=\"https:\/\/rome.vocavi.fr\/\" \/>\n<meta property=\"og:locale\" content=\"fr_FR\" \/>\n<meta property=\"og:type\" content=\"article\" \/>\n<meta property=\"og:title\" content=\"Home - Et Rome cr\u00e9a Dieu \u00e0 Son Image...\" \/>\n<meta property=\"og:url\" content=\"https:\/\/rome.vocavi.fr\/\" \/>\n<meta property=\"og:site_name\" content=\"Et Rome cr\u00e9a Dieu \u00e0 Son Image...\" \/>\n<meta property=\"article:modified_time\" content=\"2021-10-21T08:56:45+00:00\" \/>\n<meta property=\"og:image\" content=\"https:\/\/rome.vocavi.fr\/wp-content\/uploads\/2021\/10\/coiverture_Rome_3CB-1024x734.png\" \/>\n\t<meta property=\"og:image:width\" content=\"1024\" \/>\n\t<meta property=\"og:image:height\" content=\"734\" \/>\n<meta name=\"twitter:card\" content=\"summary_large_image\" \/>\n<meta name=\"twitter:label1\" content=\"Dur\u00e9e de lecture est.\" \/>\n\t<meta name=\"twitter:data1\" content=\"4 minutes\" \/>\n<script type=\"application\/ld+json\" class=\"yoast-schema-graph\">{\"@context\":\"https:\/\/schema.org\",\"@graph\":[{\"@type\":\"WebSite\",\"@id\":\"https:\/\/rome.vocavi.fr\/#website\",\"url\":\"https:\/\/rome.vocavi.fr\/\",\"name\":\"Et Rome cr\\u00e9a Dieu \\u00e0 Son Image...\",\"description\":\"Et Rome cr\\u00e9a Dieu \\u00e0 Son Image...\",\"potentialAction\":[{\"@type\":\"SearchAction\",\"target\":{\"@type\":\"EntryPoint\",\"urlTemplate\":\"https:\/\/rome.vocavi.fr\/?s={search_term_string}\"},\"query-input\":\"required name=search_term_string\"}],\"inLanguage\":\"fr-FR\"},{\"@type\":\"ImageObject\",\"@id\":\"https:\/\/rome.vocavi.fr\/#primaryimage\",\"inLanguage\":\"fr-FR\",\"url\":\"https:\/\/rome.vocavi.fr\/wp-content\/uploads\/2021\/10\/coiverture_Rome_3CB.png\",\"contentUrl\":\"https:\/\/rome.vocavi.fr\/wp-content\/uploads\/2021\/10\/coiverture_Rome_3CB.png\",\"width\":3455,\"height\":2475},{\"@type\":\"WebPage\",\"@id\":\"https:\/\/rome.vocavi.fr\/#webpage\",\"url\":\"https:\/\/rome.vocavi.fr\/\",\"name\":\"Home - Et Rome cr\\u00e9a Dieu \\u00e0 Son Image...\",\"isPartOf\":{\"@id\":\"https:\/\/rome.vocavi.fr\/#website\"},\"primaryImageOfPage\":{\"@id\":\"https:\/\/rome.vocavi.fr\/#primaryimage\"},\"datePublished\":\"2021-10-20T06:49:17+00:00\",\"dateModified\":\"2021-10-21T08:56:45+00:00\",\"breadcrumb\":{\"@id\":\"https:\/\/rome.vocavi.fr\/#breadcrumb\"},\"inLanguage\":\"fr-FR\",\"potentialAction\":[{\"@type\":\"ReadAction\",\"target\":[\"https:\/\/rome.vocavi.fr\/\"]}]},{\"@type\":\"BreadcrumbList\",\"@id\":\"https:\/\/rome.vocavi.fr\/#breadcrumb\",\"itemListElement\":[{\"@type\":\"ListItem\",\"position\":1,\"name\":\"Accueil\",\"item\":\"https:\/\/rome.vocavi.fr\/\"},{\"@type\":\"ListItem\",\"position\":2,\"name\":\"Home\"}]}]}<\/script>\n<!-- \/ Yoast SEO plugin. -->","yoast_head_json":{"title":"Home - Et Rome cr\u00e9a Dieu \u00e0 Son Image...","robots":{"index":"index","follow":"follow","max-snippet":"max-snippet:-1","max-image-preview":"max-image-preview:large","max-video-preview":"max-video-preview:-1"},"canonical":"https:\/\/rome.vocavi.fr\/","og_locale":"fr_FR","og_type":"article","og_title":"Home - Et Rome cr\u00e9a Dieu \u00e0 Son Image...","og_url":"https:\/\/rome.vocavi.fr\/","og_site_name":"Et Rome cr\u00e9a Dieu \u00e0 Son Image...","article_modified_time":"2021-10-21T08:56:45+00:00","og_image":[{"width":1024,"height":734,"url":"https:\/\/rome.vocavi.fr\/wp-content\/uploads\/2021\/10\/coiverture_Rome_3CB-1024x734.png","type":"image\/png"}],"twitter_card":"summary_large_image","twitter_misc":{"Dur\u00e9e de lecture est.":"4 minutes"},"schema":{"@context":"https:\/\/schema.org","@graph":[{"@type":"WebSite","@id":"https:\/\/rome.vocavi.fr\/#website","url":"https:\/\/rome.vocavi.fr\/","name":"Et Rome cr\u00e9a Dieu \u00e0 Son Image...","description":"Et Rome cr\u00e9a Dieu \u00e0 Son Image...","potentialAction":[{"@type":"SearchAction","target":{"@type":"EntryPoint","urlTemplate":"https:\/\/rome.vocavi.fr\/?s={search_term_string}"},"query-input":"required name=search_term_string"}],"inLanguage":"fr-FR"},{"@type":"ImageObject","@id":"https:\/\/rome.vocavi.fr\/#primaryimage","inLanguage":"fr-FR","url":"https:\/\/rome.vocavi.fr\/wp-content\/uploads\/2021\/10\/coiverture_Rome_3CB.png","contentUrl":"https:\/\/rome.vocavi.fr\/wp-content\/uploads\/2021\/10\/coiverture_Rome_3CB.png","width":3455,"height":2475},{"@type":"WebPage","@id":"https:\/\/rome.vocavi.fr\/#webpage","url":"https:\/\/rome.vocavi.fr\/","name":"Home - Et Rome cr\u00e9a Dieu \u00e0 Son Image...","isPartOf":{"@id":"https:\/\/rome.vocavi.fr\/#website"},"primaryImageOfPage":{"@id":"https:\/\/rome.vocavi.fr\/#primaryimage"},"datePublished":"2021-10-20T06:49:17+00:00","dateModified":"2021-10-21T08:56:45+00:00","breadcrumb":{"@id":"https:\/\/rome.vocavi.fr\/#breadcrumb"},"inLanguage":"fr-FR","potentialAction":[{"@type":"ReadAction","target":["https:\/\/rome.vocavi.fr\/"]}]},{"@type":"BreadcrumbList","@id":"https:\/\/rome.vocavi.fr\/#breadcrumb","itemListElement":[{"@type":"ListItem","position":1,"name":"Accueil","item":"https:\/\/rome.vocavi.fr\/"},{"@type":"ListItem","position":2,"name":"Home"}]}]}},"_links":{"self":[{"href":"https:\/\/rome.vocavi.fr\/index.php\/wp-json\/wp\/v2\/pages\/62","targetHints":{"allow":["GET"]}}],"collection":[{"href":"https:\/\/rome.vocavi.fr\/index.php\/wp-json\/wp\/v2\/pages"}],"about":[{"href":"https:\/\/rome.vocavi.fr\/index.php\/wp-json\/wp\/v2\/types\/page"}],"author":[{"embeddable":true,"href":"https:\/\/rome.vocavi.fr\/index.php\/wp-json\/wp\/v2\/users\/1"}],"replies":[{"embeddable":true,"href":"https:\/\/rome.vocavi.fr\/index.php\/wp-json\/wp\/v2\/comments?post=62"}],"version-history":[{"count":9,"href":"https:\/\/rome.vocavi.fr\/index.php\/wp-json\/wp\/v2\/pages\/62\/revisions"}],"predecessor-version":[{"id":151,"href":"https:\/\/rome.vocavi.fr\/index.php\/wp-json\/wp\/v2\/pages\/62\/revisions\/151"}],"wp:featuredmedia":[{"embeddable":true,"href":"https:\/\/rome.vocavi.fr\/index.php\/wp-json\/wp\/v2\/media\/84"}],"wp:attachment":[{"href":"https:\/\/rome.vocavi.fr\/index.php\/wp-json\/wp\/v2\/media?parent=62"}],"curies":[{"name":"wp","href":"https:\/\/api.w.org\/{rel}","templated":true}]}}