{"id":92,"date":"2021-10-20T08:44:56","date_gmt":"2021-10-20T08:44:56","guid":{"rendered":"https:\/\/rome.vocavi.fr\/?page_id=92"},"modified":"2021-10-21T08:58:30","modified_gmt":"2021-10-21T08:58:30","slug":"couverture","status":"publish","type":"page","link":"https:\/\/rome.vocavi.fr\/index.php\/couverture\/","title":{"rendered":"Couverture"},"content":{"rendered":"\n\n\n\n\n\n\n\n\n\n\n<p style=\"text-align: justify;\"><span style=\"font-size:large;\"><strong style=\"line-height: 0.1; font-size: x-large;\"><span style=\"color: rgb(102, 0, 0); font-family: &quot;Times New Roman&quot;, Times, serif; text-align: justify;\">La couverture de l\u2019ouvrage se d\u00e9compose essentiellement en trois parties. Une premi\u00e8re partie est l\u2019image de J\u00e9sus. L\u2019image utilis\u00e9e repr\u00e9sente un J\u00e9sus \u00e0 visage humain, la volont\u00e9 est de marquer le personnage par son cot\u00e9 le plus humain.<\/span><\/strong><\/span><\/p><p style=\"text-align: justify;\"><span style=\"font-size:large;\"><strong style=\"line-height: 0.1; font-size: x-large;\"><span style=\"color: rgb(102, 0, 0); font-family: &quot;Times New Roman&quot;, Times, serif; text-align: justify;\">C\u2019est cette id\u00e9e que d\u00e9fend la premi\u00e8re partie du livre. L\u2019auteur fait une recherche de l\u2019humanit\u00e9 r\u00e9elle de J\u00e9sus dans sa culture d\u2019origine, une origine juive.<\/span><br style=\"color: rgb(102, 0, 0); font-family: &quot;Times New Roman&quot;, Times, serif; text-align: justify;\"><span style=\"color: rgb(102, 0, 0); font-family: &quot;Times New Roman&quot;, Times, serif; text-align: justify;\">L\u2019image de droite symbolise le panth\u00e9on romain. Les romains au cours de leurs conqu\u00eates ont ramen\u00e9 dans Rome une multitude de divinit\u00e9.&nbsp;<\/span><\/strong><\/span><\/p><p style=\"text-align: justify;\"><span style=\"font-size:large;\"><strong style=\"line-height: 0.1; font-size: x-large;\"><span style=\"color: rgb(102, 0, 0); font-family: &quot;Times New Roman&quot;, Times, serif; text-align: justify;\">Et le panth\u00e9on romain est un monument qui tente de r\u00e9unir toutes ces divinit\u00e9s en un m\u00eame espace pour symboliser la \u00ab\u00a0pax-d\u00e9orum\u00a0\u00bb. A chaque conqu\u00eate un espace est r\u00e9serv\u00e9 pour le dieu du peuple conquis.<\/span><\/strong><\/span><\/p><p style=\"text-align: justify;\"><span style=\"font-size:large;\"><strong style=\"line-height: 0.1; font-size: x-large;\"><span style=\"color: rgb(102, 0, 0); font-family: &quot;Times New Roman&quot;, Times, serif; text-align: justify;\">Mais qu\u2019en est-il de la conqu\u00eate des romains en Jud\u00e9e? O\u00f9 allaient-ils installer le dieu des juifs, un dieu qui n\u2019a ni statue ni image ni aucune repr\u00e9sentation physique.&nbsp;<\/span><\/strong><\/span><\/p><p style=\"text-align: justify;\"><span style=\"font-size:large;\"><strong style=\"line-height: 0.1; font-size: x-large;\"><span style=\"color: rgb(102, 0, 0); font-family: &quot;Times New Roman&quot;, Times, serif; text-align: justify;\">L\u2019image propos\u00e9e tente une solution. Le trou au milieu du panth\u00e9on, par lequel la lumi\u00e8re passe, symbolise la recherche d\u2019une place pour le dieu des juif au cot\u00e9 de toutes les divinit\u00e9s conquises.<\/span><br style=\"color: rgb(102, 0, 0); font-family: &quot;Times New Roman&quot;, Times, serif; text-align: justify;\"><span style=\"color: rgb(102, 0, 0); font-family: &quot;Times New Roman&quot;, Times, serif; text-align: justify;\">Le halo lumineux qui s\u2019en d\u00e9gage vient illuminer une image centrale, celle d\u2019une statue de C\u00e9sar.<\/span><\/strong><\/span><\/p><p style=\"text-align: justify;\"><span style=\"font-size:large;\"><strong style=\"line-height: 0.1; font-size: x-large;\"><span style=\"color: rgb(102, 0, 0); font-family: &quot;Times New Roman&quot;, Times, serif; text-align: justify;\">Vers la fin de l\u2019empire, les c\u00e9sars ont d\u00e9velopp\u00e9 une nouvelle religion en plus de toutes les autres : le culte des empereurs. Ceux-ci se sont \u00e9lev\u00e9s par leur m\u00e9rite et leur esprit combatif au titre de \u00ab\u00a0dieux empereurs\u00a0\u00bb.<\/span><br style=\"color: rgb(102, 0, 0); font-family: &quot;Times New Roman&quot;, Times, serif; text-align: justify;\"><span style=\"color: rgb(102, 0, 0); font-family: &quot;Times New Roman&quot;, Times, serif; text-align: justify;\">La mise en parall\u00e8le de ces trois images illustre l\u2019id\u00e9e maitresse du livre.&nbsp;<\/span><\/strong><\/span><\/p><p style=\"text-align: justify;\"><span style=\"font-size:large;\"><strong style=\"line-height: 0.1; font-size: x-large;\"><span style=\"color: rgb(102, 0, 0); font-family: &quot;Times New Roman&quot;, Times, serif; text-align: justify;\">L\u2019\u00e9volution de la religion des romains passant par la divination des c\u00e9sars ne serait-elle pas \u00e0 l\u2019origine de l\u2019\u00e9l\u00e9vation de ce J\u00e9sus, d&rsquo;origine juive, symbole nouveau du dieu des juifs, en divinit\u00e9 supr\u00eame de l\u2019empire ?&nbsp;<\/span><\/strong><\/span><\/p><p style=\"text-align: justify;\"><span style=\"font-size:large;\"><strong style=\"line-height: 0.1; font-size: x-large;\"><span style=\"color: rgb(102, 0, 0); font-family: &quot;Times New Roman&quot;, Times, serif; text-align: justify;\">C\u2019est en tout cas ce que symbolise la couverture du livre\u2026<\/span><br style=\"color: rgb(102, 0, 0); font-family: &quot;Times New Roman&quot;, Times, serif; text-align: justify;\"><span style=\"color: rgb(102, 0, 0); font-family: &quot;Times New Roman&quot;, Times, serif; text-align: justify;\">A lire.<\/span><\/strong><\/span><span style=\"color: rgb(102, 0, 0); font-family: &quot;Times New Roman&quot;, Times, serif; font-size: 14px; font-weight: 700; text-align: justify;\"><\/span><br><\/p>\n\n\n","protected":false},"excerpt":{"rendered":"","protected":false},"author":1,"featured_media":0,"parent":0,"menu_order":0,"comment_status":"closed","ping_status":"closed","template":"","meta":{"footnotes":""},"class_list":["post-92","page","type-page","status-publish","hentry"],"yoast_head":"<!-- This site is optimized with the Yoast SEO plugin v17.4 - https:\/\/yoast.com\/wordpress\/plugins\/seo\/ -->\n<title>Couverture - Et Rome cr\u00e9a Dieu \u00e0 Son Image...<\/title>\n<meta name=\"robots\" content=\"index, follow, max-snippet:-1, max-image-preview:large, max-video-preview:-1\" \/>\n<link rel=\"canonical\" href=\"https:\/\/rome.vocavi.fr\/index.php\/couverture\/\" \/>\n<meta property=\"og:locale\" content=\"fr_FR\" \/>\n<meta property=\"og:type\" content=\"article\" \/>\n<meta property=\"og:title\" content=\"Couverture - Et Rome cr\u00e9a Dieu \u00e0 Son Image...\" \/>\n<meta property=\"og:url\" content=\"https:\/\/rome.vocavi.fr\/index.php\/couverture\/\" \/>\n<meta property=\"og:site_name\" content=\"Et Rome cr\u00e9a Dieu \u00e0 Son Image...\" \/>\n<meta property=\"article:modified_time\" content=\"2021-10-21T08:58:30+00:00\" \/>\n<meta name=\"twitter:card\" content=\"summary_large_image\" \/>\n<meta name=\"twitter:label1\" content=\"Dur\u00e9e de lecture est.\" \/>\n\t<meta name=\"twitter:data1\" content=\"2 minutes\" \/>\n<script type=\"application\/ld+json\" class=\"yoast-schema-graph\">{\"@context\":\"https:\/\/schema.org\",\"@graph\":[{\"@type\":\"WebSite\",\"@id\":\"https:\/\/rome.vocavi.fr\/#website\",\"url\":\"https:\/\/rome.vocavi.fr\/\",\"name\":\"Et Rome cr\\u00e9a Dieu \\u00e0 Son Image...\",\"description\":\"Et Rome cr\\u00e9a Dieu \\u00e0 Son Image...\",\"potentialAction\":[{\"@type\":\"SearchAction\",\"target\":{\"@type\":\"EntryPoint\",\"urlTemplate\":\"https:\/\/rome.vocavi.fr\/?s={search_term_string}\"},\"query-input\":\"required name=search_term_string\"}],\"inLanguage\":\"fr-FR\"},{\"@type\":\"WebPage\",\"@id\":\"https:\/\/rome.vocavi.fr\/index.php\/couverture\/#webpage\",\"url\":\"https:\/\/rome.vocavi.fr\/index.php\/couverture\/\",\"name\":\"Couverture - Et Rome cr\\u00e9a Dieu \\u00e0 Son Image...\",\"isPartOf\":{\"@id\":\"https:\/\/rome.vocavi.fr\/#website\"},\"datePublished\":\"2021-10-20T08:44:56+00:00\",\"dateModified\":\"2021-10-21T08:58:30+00:00\",\"breadcrumb\":{\"@id\":\"https:\/\/rome.vocavi.fr\/index.php\/couverture\/#breadcrumb\"},\"inLanguage\":\"fr-FR\",\"potentialAction\":[{\"@type\":\"ReadAction\",\"target\":[\"https:\/\/rome.vocavi.fr\/index.php\/couverture\/\"]}]},{\"@type\":\"BreadcrumbList\",\"@id\":\"https:\/\/rome.vocavi.fr\/index.php\/couverture\/#breadcrumb\",\"itemListElement\":[{\"@type\":\"ListItem\",\"position\":1,\"name\":\"Accueil\",\"item\":\"https:\/\/rome.vocavi.fr\/\"},{\"@type\":\"ListItem\",\"position\":2,\"name\":\"Couverture\"}]}]}<\/script>\n<!-- \/ Yoast SEO plugin. -->","yoast_head_json":{"title":"Couverture - Et Rome cr\u00e9a Dieu \u00e0 Son Image...","robots":{"index":"index","follow":"follow","max-snippet":"max-snippet:-1","max-image-preview":"max-image-preview:large","max-video-preview":"max-video-preview:-1"},"canonical":"https:\/\/rome.vocavi.fr\/index.php\/couverture\/","og_locale":"fr_FR","og_type":"article","og_title":"Couverture - Et Rome cr\u00e9a Dieu \u00e0 Son Image...","og_url":"https:\/\/rome.vocavi.fr\/index.php\/couverture\/","og_site_name":"Et Rome cr\u00e9a Dieu \u00e0 Son Image...","article_modified_time":"2021-10-21T08:58:30+00:00","twitter_card":"summary_large_image","twitter_misc":{"Dur\u00e9e de lecture est.":"2 minutes"},"schema":{"@context":"https:\/\/schema.org","@graph":[{"@type":"WebSite","@id":"https:\/\/rome.vocavi.fr\/#website","url":"https:\/\/rome.vocavi.fr\/","name":"Et Rome cr\u00e9a Dieu \u00e0 Son Image...","description":"Et Rome cr\u00e9a Dieu \u00e0 Son Image...","potentialAction":[{"@type":"SearchAction","target":{"@type":"EntryPoint","urlTemplate":"https:\/\/rome.vocavi.fr\/?s={search_term_string}"},"query-input":"required name=search_term_string"}],"inLanguage":"fr-FR"},{"@type":"WebPage","@id":"https:\/\/rome.vocavi.fr\/index.php\/couverture\/#webpage","url":"https:\/\/rome.vocavi.fr\/index.php\/couverture\/","name":"Couverture - Et Rome cr\u00e9a Dieu \u00e0 Son Image...","isPartOf":{"@id":"https:\/\/rome.vocavi.fr\/#website"},"datePublished":"2021-10-20T08:44:56+00:00","dateModified":"2021-10-21T08:58:30+00:00","breadcrumb":{"@id":"https:\/\/rome.vocavi.fr\/index.php\/couverture\/#breadcrumb"},"inLanguage":"fr-FR","potentialAction":[{"@type":"ReadAction","target":["https:\/\/rome.vocavi.fr\/index.php\/couverture\/"]}]},{"@type":"BreadcrumbList","@id":"https:\/\/rome.vocavi.fr\/index.php\/couverture\/#breadcrumb","itemListElement":[{"@type":"ListItem","position":1,"name":"Accueil","item":"https:\/\/rome.vocavi.fr\/"},{"@type":"ListItem","position":2,"name":"Couverture"}]}]}},"_links":{"self":[{"href":"https:\/\/rome.vocavi.fr\/index.php\/wp-json\/wp\/v2\/pages\/92","targetHints":{"allow":["GET"]}}],"collection":[{"href":"https:\/\/rome.vocavi.fr\/index.php\/wp-json\/wp\/v2\/pages"}],"about":[{"href":"https:\/\/rome.vocavi.fr\/index.php\/wp-json\/wp\/v2\/types\/page"}],"author":[{"embeddable":true,"href":"https:\/\/rome.vocavi.fr\/index.php\/wp-json\/wp\/v2\/users\/1"}],"replies":[{"embeddable":true,"href":"https:\/\/rome.vocavi.fr\/index.php\/wp-json\/wp\/v2\/comments?post=92"}],"version-history":[{"count":7,"href":"https:\/\/rome.vocavi.fr\/index.php\/wp-json\/wp\/v2\/pages\/92\/revisions"}],"predecessor-version":[{"id":153,"href":"https:\/\/rome.vocavi.fr\/index.php\/wp-json\/wp\/v2\/pages\/92\/revisions\/153"}],"wp:attachment":[{"href":"https:\/\/rome.vocavi.fr\/index.php\/wp-json\/wp\/v2\/media?parent=92"}],"curies":[{"name":"wp","href":"https:\/\/api.w.org\/{rel}","templated":true}]}}